{"id":95,"date":"2019-09-01T09:24:01","date_gmt":"2019-09-01T09:24:01","guid":{"rendered":"https:\/\/demo.casethemes.net\/induxe\/?page_id=95"},"modified":"2026-04-04T17:03:49","modified_gmt":"2026-04-04T17:03:49","slug":"about-us-1","status":"publish","type":"page","link":"https:\/\/myco-pack.com\/?page_id=95","title":{"rendered":"Nosotros"},"content":{"rendered":"<div class=\"wpb-content-wrapper\"><p>[vc_row full_width=&#8221;stretch_row&#8221; parallax=&#8221;content-moving&#8221; parallax_image=&#8221;798&#8243; parallax_speed_bg=&#8221;1.2&#8243; bg_image_position=&#8221;bg-image-ps-right&#8221; css=&#8221;.vc_custom_1573154213923{padding-top: 50px !important;background-position: center;background-repeat: no-repeat !important;background-size: cover !important;}&#8221;][vc_column ct_column_class=&#8221;rm-padding-lg&#8221; css=&#8221;.vc_custom_1573059637987{padding-right: 30px !important;}&#8221; offset=&#8221;vc_col-lg-6 vc_col-md-6&#8243;][ct_space space_lg=&#8221;30&#8243; space_md=&#8221;30&#8243; space_sm=&#8221;30&#8243; space_xs=&#8221;20&#8243;][ct_video_player video_link=&#8221;url:https%3A%2F%2Fmyco-pack.com%2Fwp-content%2Fuploads%2F2026%2F03%2Fmycopackfinal10.mp4&#8243; video_image=&#8221;3225&#8243; img_size=&#8221;571&#215;383&#8243; play_fixed_center=&#8221;play-fixed&#8221;][ct_heading text=&#8221;\u00bfPor qu\u00e9 nosotros?&#8221; font_weight=&#8221;&#8221; font_style=&#8221;&#8221; text_color=&#8221;#ff5e14&#8243; description=&#8221;Beneficios que notar\u00e1 desde el primer d\u00eda:<br \/>\n\u2022\u2060 \u2060Soluciones alineadas a sus metas operativas y presupuestarias.<br \/>\n\u2022\u2060 \u2060Menos tiempos de parada y mayor eficiencia operativa.<br \/>\n\u2022\u2060 \u2060Instalaci\u00f3n y formaci\u00f3n completa para su equipo.<br \/>\n\u2022\u2060 \u2060Servicio postventa disponible cuando lo necesite.<br \/>\n\u00bfQuiere comprobarlo? Solicite una evaluaci\u00f3n gratuita y vea qu\u00e9 maquinaria le conviene realmente.&#8221; des_font_weight=&#8221;&#8221;][\/vc_column][vc_column ct_column_class=&#8221;rm-padding-lg&#8221; css=&#8221;.vc_custom_1573154355815{padding-left: 30px !important;}&#8221; offset=&#8221;vc_col-lg-6 vc_col-md-6&#8243;][ct_space space_lg=&#8221;30&#8243; space_md=&#8221;30&#8243; space_sm=&#8221;30&#8243; space_xs=&#8221;20&#8243;][ct_heading text=&#8221;\u00bfQu\u00e9 es lo que hacemos?&#8221; font_weight=&#8221;&#8221; font_style=&#8221;&#8221; description=&#8221;Empezamos por escuchar: entendemos sus necesidades, su cultura y sus objetivos de negocio. Con esa informaci\u00f3n, seleccionamos la soluci\u00f3n de maquinaria que realmente aporte productividad, reduzca costes y se integre con su equipo.<\/p>\n<p>Le acompa\u00f1amos en todo el proceso: asesor\u00eda experta en la compra, coordinaci\u00f3n de la instalaci\u00f3n y puesta en marcha, y soporte continuo para maximizar el retorno de su inversi\u00f3n. Sin sorpresas, con plazos claros y atenci\u00f3n personalizada.&#8221; des_font_weight=&#8221;&#8221; margin_bottom=&#8221;10&#8243;][ct_space space_lg=&#8221;20&#8243; space_md=&#8221;20&#8243; space_sm=&#8221;20&#8243; space_xs=&#8221;20&#8243;][ct_fancybox img_size=&#8221;full&#8221; title=&#8221;Tomas Prieto Lei&#8221; description=&#8221;Fundador&#8221;][ct_space space_lg=&#8221;110&#8243; space_md=&#8221;110&#8243; space_sm=&#8221;60&#8243; space_xs=&#8221;60&#8243;][\/vc_column][\/vc_row][vc_row full_width=&#8221;stretch_row&#8221; css=&#8221;.vc_custom_1571068744635{padding-top: 23px !important;padding-bottom: 10px !important;background-color: #ff5e14 !important;}&#8221;][vc_column css=&#8221;.vc_custom_1572977077420{padding-top: 0px !important;}&#8221;][ct_space space_lg=&#8221;35&#8243; space_md=&#8221;35&#8243; space_sm=&#8221;35&#8243; space_xs=&#8221;35&#8243;][vc_row_inner][vc_column_inner width=&#8221;1\/2&#8243; offset=&#8221;vc_col-lg-3 vc_col-md-6&#8243;][ct_contact_info cms_template=&#8221;ct_contact_info&#8211;layout2.php&#8221; ctf_items=&#8221;%5B%7B%22ctf_content%22%3A%22Prol.%20P.%C2%BA%20de%20la%20Reforma%201015-Piso%201%2C%20Santa%20Fe%2C%20Contadero%2C%20Cuajimalpa%20de%20Morelos%2001376%20Ciudad%20de%20M%C3%A9xico%2C%20CDMX%2C%20M%C3%A9xico%22%2C%22ctf_type%22%3A%22text%22%7D%5D&#8221; icon_list=&#8221;fontawesome5&#8243; icon_fontawesome5=&#8221;fac fac-map-marker-alt&#8221; color=&#8221;#ffffff&#8221; ctf_items2=&#8221;%5B%7B%22ctf_content2%22%3A%22Demo%20address%20%238901%20Marmora%20Road%20Chi%20Minh%20City%2C%20Vietnam%22%2C%22ctf_type2%22%3A%22text%22%7D%5D&#8221; title=&#8221;Direcci\u00f3n&#8221;][\/vc_column_inner][vc_column_inner width=&#8221;1\/2&#8243; offset=&#8221;vc_col-lg-3 vc_col-md-6&#8243;][ct_contact_info cms_template=&#8221;ct_contact_info&#8211;layout2.php&#8221; ctf_items=&#8221;%5B%7B%22ctf_content%22%3A%22info%40myco-pack.com%22%2C%22ctf_type%22%3A%22text%22%7D%5D&#8221; icon_list=&#8221;fontawesome5&#8243; icon_fontawesome5=&#8221;fac fac-mail-bulk&#8221; color=&#8221;#ffffff&#8221; ctf_items2=&#8221;%5B%7B%22ctf_content2%22%3A%22Demo%20address%20%238901%20Marmora%20Road%20Chi%20Minh%20City%2C%20Vietnam%22%2C%22ctf_type2%22%3A%22text%22%7D%5D&#8221; title=&#8221;Correo Electr\u00f3nico&#8221;][\/vc_column_inner][vc_column_inner width=&#8221;1\/2&#8243; offset=&#8221;vc_col-lg-3 vc_col-md-6&#8243;][ct_contact_info cms_template=&#8221;ct_contact_info&#8211;layout2.php&#8221; ctf_items=&#8221;%5B%7B%22ctf_content%22%3A%22%2B525543442789%22%2C%22ctf_type%22%3A%22text%22%7D%5D&#8221; icon_list=&#8221;fontawesome5&#8243; icon_fontawesome5=&#8221;fac fac-phone&#8221; color=&#8221;#ffffff&#8221; ctf_items2=&#8221;%5B%7B%22ctf_content2%22%3A%22Demo%20address%20%238901%20Marmora%20Road%20Chi%20Minh%20City%2C%20Vietnam%22%2C%22ctf_type2%22%3A%22text%22%7D%5D&#8221; title=&#8221;Tel\u00e9fono&#8221;][\/vc_column_inner][vc_column_inner width=&#8221;1\/2&#8243; offset=&#8221;vc_col-lg-3 vc_col-md-6&#8243;][ct_contact_info cms_template=&#8221;ct_contact_info&#8211;layout2.php&#8221; ctf_items=&#8221;%5B%7B%22ctf_content%22%3A%2224%20horas%22%2C%22ctf_type%22%3A%22text%22%7D%5D&#8221; icon_list=&#8221;fontawesome5&#8243; icon_fontawesome5=&#8221;fac fac-alarm-clock&#8221; color=&#8221;#ffffff&#8221; ctf_items2=&#8221;%5B%7B%22ctf_content2%22%3A%22Demo%20address%20%238901%20Marmora%20Road%20Chi%20Minh%20City%2C%20Vietnam%22%2C%22ctf_type2%22%3A%22text%22%7D%5D&#8221; title=&#8221;Horario&#8221;][\/vc_column_inner][\/vc_row_inner][ct_space space_lg=&#8221;30&#8243; space_md=&#8221;30&#8243; space_sm=&#8221;30&#8243; space_xs=&#8221;35&#8243;][\/vc_column][\/vc_row]<\/p>\n<\/div>","protected":false},"excerpt":{"rendered":"<p>[vc_row full_width=&#8221;stretch_row&#8221; parallax=&#8221;content-moving&#8221; parallax_image=&#8221;798&#8243; parallax_speed_bg=&#8221;1.2&#8243; bg_image_position=&#8221;bg-image-ps-right&#8221; css=&#8221;.vc_custom_1573154213923{padding-top: 50px !important;background-position: center;background-repeat: no-repeat !important;background-size: cover !important;}&#8221;][vc_column ct_column_class=&#8221;rm-padding-lg&#8221; css=&#8221;.vc_custom_1573059637987{padding-right: 30px !important;}&#8221; offset=&#8221;vc_col-lg-6 vc_col-md-6&#8243;][ct_space space_lg=&#8221;30&#8243; space_md=&#8221;30&#8243; space_sm=&#8221;30&#8243; space_xs=&#8221;20&#8243;][ct_video_player video_link=&#8221;url:https%3A%2F%2Fmyco-pack.com%2Fwp-content%2Fuploads%2F2026%2F03%2Fmycopackfinal10.mp4&#8243; video_image=&#8221;3225&#8243; img_size=&#8221;571&#215;383&#8243; play_fixed_center=&#8221;play-fixed&#8221;][ct_heading text=&#8221;\u00bfPor qu\u00e9 nosotros?&#8221; font_weight=&#8221;&#8221; font_style=&#8221;&#8221; text_color=&#8221;#ff5e14&#8243; description=&#8221;Beneficios que notar\u00e1 desde el primer d\u00eda: \u2022\u2060 \u2060Soluciones alineadas a sus metas operativas y presupuestarias. \u2022\u2060 \u2060Menos tiempos de parada [&hellip;]<\/p>\n","protected":false},"author":1,"featured_media":0,"parent":0,"menu_order":0,"comment_status":"closed","ping_status":"closed","template":"","meta":{"_joinchat":[],"footnotes":""},"class_list":["post-95","page","type-page","status-publish","hentry"],"_links":{"self":[{"href":"https:\/\/myco-pack.com\/index.php?rest_route=\/wp\/v2\/pages\/95","targetHints":{"allow":["GET"]}}],"collection":[{"href":"https:\/\/myco-pack.com\/index.php?rest_route=\/wp\/v2\/pages"}],"about":[{"href":"https:\/\/myco-pack.com\/index.php?rest_route=\/wp\/v2\/types\/page"}],"author":[{"embeddable":true,"href":"https:\/\/myco-pack.com\/index.php?rest_route=\/wp\/v2\/users\/1"}],"replies":[{"embeddable":true,"href":"https:\/\/myco-pack.com\/index.php?rest_route=%2Fwp%2Fv2%2Fcomments&post=95"}],"version-history":[{"count":29,"href":"https:\/\/myco-pack.com\/index.php?rest_route=\/wp\/v2\/pages\/95\/revisions"}],"predecessor-version":[{"id":3631,"href":"https:\/\/myco-pack.com\/index.php?rest_route=\/wp\/v2\/pages\/95\/revisions\/3631"}],"wp:attachment":[{"href":"https:\/\/myco-pack.com\/index.php?rest_route=%2Fwp%2Fv2%2Fmedia&parent=95"}],"curies":[{"name":"wp","href":"https:\/\/api.w.org\/{rel}","templated":true}]}}