{"id":45,"date":"2019-09-01T08:46:23","date_gmt":"2019-09-01T08:46:23","guid":{"rendered":"https:\/\/demo.casethemes.net\/induxe\/?page_id=45"},"modified":"2026-04-07T10:39:20","modified_gmt":"2026-04-07T10:39:20","slug":"home-industry","status":"publish","type":"page","link":"https:\/\/myco-pack.com\/","title":{"rendered":"Inicio"},"content":{"rendered":"<div class=\"wpb-content-wrapper\"><p>[vc_row css=&#8221;.vc_custom_1775558355186{background-color: #FFFFFF !important;}&#8221;][vc_column css=&#8221;.vc_custom_1572536894013{padding-top: 0px !important;}&#8221;]\n\t\t\t\t<p class=\"rs-p-wp-fix\"><\/p>\n\t\t\t\t<sr7-module data-alias=\"slider-9\" data-id=\"26\" id=\"SR7_26_1\" class=\"rs-ov-hidden\" data-version=\"6.7.40\">\n\t\t\t\t\t<sr7-adjuster><\/sr7-adjuster>\n\t\t\t\t\t<sr7-content>\n\t\t\t\t\t\t<sr7-slide id=\"SR7_26_1-73\" data-key=\"73\">\n\t\t\t\t\t\t<\/sr7-slide>\n\t\t\t\t\t\t<sr7-slide id=\"SR7_26_1-74\" data-key=\"74\">\n\t\t\t\t\t\t<\/sr7-slide>\n\t\t\t\t\t<\/sr7-content>\n\t\t\t\t<\/sr7-module>\n\t\t\t\t<script>\n\t\t\t\t\tSR7.PMH ??={}; SR7.PMH[\"SR7_26_1\"] = {cn:100,state:false,fn: function() { if (_tpt!==undefined && _tpt.prepareModuleHeight !== undefined) {  _tpt.prepareModuleHeight({id:\"SR7_26_1\",el:[900,900,768,960,720],type:'standard',shdw:'0',gh:[900,900,743,565,349],gw:[1240,1240,1024,778,480],vpt:['-100px'],size:{fullWidth:true, fullHeight:false},mh:'0',onh:0,onw:0,bg:{color:'{\"orig\":\"transparent\",\"type\":\"solid\",\"string\":\"transparent\"}'}});   SR7.PMH[\"SR7_26_1\"].state=true;} else if(SR7.PMH[\"SR7_26_1\"].cn-->0)\tsetTimeout( SR7.PMH[\"SR7_26_1\"].fn,19);}};SR7.PMH[\"SR7_26_1\" ].fn();\n\t\t\t\t<\/script>\n[\/vc_column][\/vc_row][vc_row full_width=&#8221;stretch_row&#8221; css=&#8221;.vc_custom_1573486128148{background-color: #f7f9fb !important;}&#8221;][vc_column css=&#8221;.vc_custom_1571938561541{padding-top: 0px !important;}&#8221;][vc_row_inner][vc_column_inner width=&#8221;1\/6&#8243;][\/vc_column_inner][vc_column_inner width=&#8221;2\/3&#8243;][ct_space space_lg=&#8221;87&#8243; space_md=&#8221;87&#8243; space_sm=&#8221;60&#8243; space_xs=&#8221;50&#8243;][ct_heading text=&#8221;MYCOPACK DE M\u00c9XICO&#8221; align_lg=&#8221;align-center&#8221; align_md=&#8221;center&#8221; align_sm=&#8221;align-center-sm&#8221; align_xs=&#8221;align-center-xs&#8221; font_weight=&#8221;&#8221; font_style=&#8221;&#8221; des_font_weight=&#8221;&#8221;][ct_heading text=&#8221;PACKAGING SOLUTIONS&#8221; align_lg=&#8221;align-center&#8221; align_md=&#8221;center&#8221; align_sm=&#8221;align-center-sm&#8221; align_xs=&#8221;align-center-xs&#8221; font_weight=&#8221;&#8221; font_style=&#8221;&#8221; text_color=&#8221;#ff5e14&#8243; description=&#8221;Con m\u00e1s de 30 a\u00f1os de experiencia mundial en el sector, el propietario y sus socios, ofrecen soluciones a necesidades espec\u00edficas que van desde el Asesoramiento, Venta, Gesti\u00f3n de proyectos hasta el Servicio T\u00e9cnico Local.Todo para que el cliente pueda producir de forma m\u00e1s eficiente y estar tranquilo \u201cPeace of Mind\u201d.&#8221; des_font_weight=&#8221;&#8221;][\/vc_column_inner][vc_column_inner width=&#8221;1\/6&#8243;][\/vc_column_inner][\/vc_row_inner][ct_space space_lg=&#8221;15&#8243; space_md=&#8221;15&#8243; space_sm=&#8221;15&#8243; space_xs=&#8221;15&#8243;][ct_portfolio_carousel cms_template=&#8221;ct_portfolio_carousel&#8211;layout2.php&#8221; custom_source=&#8221;true&#8221; orderby=&#8221;title&#8221; order=&#8221;ASC&#8221; limit=&#8221;16&#8243; col_xs=&#8221;1&#8243; col_sm=&#8221;2&#8243; col_md=&#8221;2&#8243; col_lg=&#8221;3&#8243; col_xl=&#8221;3&#8243; loop=&#8221;true&#8221; autoplay=&#8221;true&#8221; center=&#8221;true&#8221; source=&#8221;envasesrigidos|portfolio-category, envasesflexibles|portfolio-category&#8221;][ct_space space_lg=&#8221;85&#8243; space_md=&#8221;85&#8243; space_sm=&#8221;60&#8243; space_xs=&#8221;50&#8243;][\/vc_column][\/vc_row][vc_row full_width=&#8221;stretch_row&#8221; css=&#8221;.vc_custom_1572660102779{background-color: #ffffff !important;}&#8221;][vc_column css=&#8221;.vc_custom_1569859787359{padding-top: 0px !important;}&#8221;][ct_space space_lg=&#8221;50&#8243; space_md=&#8221;50&#8243; space_sm=&#8221;35&#8243; space_xs=&#8221;35&#8243;][ct_client_carousel client_item=&#8221;%5B%7B%22image%22%3A%223588%22%2C%22link%22%3A%22url%3A%2523%7C%7C%7C%22%7D%2C%7B%22image%22%3A%223589%22%2C%22link%22%3A%22url%3A%2523%7C%7C%7C%22%7D%2C%7B%22image%22%3A%223590%22%2C%22link%22%3A%22url%3A%2523%7C%7C%7C%22%7D%2C%7B%22image%22%3A%223591%22%2C%22link%22%3A%22url%3A%2523%7C%7C%7C%22%7D%2C%7B%22image%22%3A%223592%22%2C%22link%22%3A%22url%3A%2523%7C%7C%7C%22%7D%2C%7B%22image%22%3A%223593%22%2C%22link%22%3A%22url%3A%2523%7C%7C%7C%22%7D%2C%7B%22image%22%3A%223594%22%2C%22link%22%3A%22url%3A%2523%7C%7C%7C%22%7D%2C%7B%22image%22%3A%223595%22%7D%2C%7B%22image%22%3A%223596%22%7D%2C%7B%22image%22%3A%223597%22%7D%5D&#8221; col_xs=&#8221;1&#8243; col_sm=&#8221;2&#8243; col_md=&#8221;3&#8243; col_lg=&#8221;5&#8243; col_xl=&#8221;5&#8243; loop=&#8221;true&#8221; autoplay=&#8221;true&#8221; arrows=&#8221;true&#8221;][\/vc_column][\/vc_row]<\/p>\n<\/div>","protected":false},"excerpt":{"rendered":"<p>[vc_row css=&#8221;.vc_custom_1775558355186{background-color: #FFFFFF !important;}&#8221;][vc_column css=&#8221;.vc_custom_1572536894013{padding-top: 0px !important;}&#8221;][\/vc_column][\/vc_row][vc_row full_width=&#8221;stretch_row&#8221; css=&#8221;.vc_custom_1573486128148{background-color: #f7f9fb !important;}&#8221;][vc_column css=&#8221;.vc_custom_1571938561541{padding-top: 0px !important;}&#8221;][vc_row_inner][vc_column_inner width=&#8221;1\/6&#8243;][\/vc_column_inner][vc_column_inner width=&#8221;2\/3&#8243;][ct_space space_lg=&#8221;87&#8243; space_md=&#8221;87&#8243; space_sm=&#8221;60&#8243; space_xs=&#8221;50&#8243;][ct_heading text=&#8221;MYCOPACK DE M\u00c9XICO&#8221; align_lg=&#8221;align-center&#8221; align_md=&#8221;center&#8221; align_sm=&#8221;align-center-sm&#8221; align_xs=&#8221;align-center-xs&#8221; font_weight=&#8221;&#8221; font_style=&#8221;&#8221; des_font_weight=&#8221;&#8221;][ct_heading text=&#8221;PACKAGING SOLUTIONS&#8221; align_lg=&#8221;align-center&#8221; align_md=&#8221;center&#8221; align_sm=&#8221;align-center-sm&#8221; align_xs=&#8221;align-center-xs&#8221; font_weight=&#8221;&#8221; font_style=&#8221;&#8221; text_color=&#8221;#ff5e14&#8243; description=&#8221;Con m\u00e1s de 30 a\u00f1os de experiencia mundial en el sector, el propietario y sus socios, [&hellip;]<\/p>\n","protected":false},"author":1,"featured_media":0,"parent":0,"menu_order":0,"comment_status":"closed","ping_status":"closed","template":"","meta":{"_joinchat":[],"footnotes":""},"class_list":["post-45","page","type-page","status-publish","hentry"],"_links":{"self":[{"href":"https:\/\/myco-pack.com\/index.php?rest_route=\/wp\/v2\/pages\/45","targetHints":{"allow":["GET"]}}],"collection":[{"href":"https:\/\/myco-pack.com\/index.php?rest_route=\/wp\/v2\/pages"}],"about":[{"href":"https:\/\/myco-pack.com\/index.php?rest_route=\/wp\/v2\/types\/page"}],"author":[{"embeddable":true,"href":"https:\/\/myco-pack.com\/index.php?rest_route=\/wp\/v2\/users\/1"}],"replies":[{"embeddable":true,"href":"https:\/\/myco-pack.com\/index.php?rest_route=%2Fwp%2Fv2%2Fcomments&post=45"}],"version-history":[{"count":36,"href":"https:\/\/myco-pack.com\/index.php?rest_route=\/wp\/v2\/pages\/45\/revisions"}],"predecessor-version":[{"id":3671,"href":"https:\/\/myco-pack.com\/index.php?rest_route=\/wp\/v2\/pages\/45\/revisions\/3671"}],"wp:attachment":[{"href":"https:\/\/myco-pack.com\/index.php?rest_route=%2Fwp%2Fv2%2Fmedia&parent=45"}],"curies":[{"name":"wp","href":"https:\/\/api.w.org\/{rel}","templated":true}]}}