{"id":103,"date":"2019-09-01T09:27:31","date_gmt":"2019-09-01T09:27:31","guid":{"rendered":"https:\/\/demo.casethemes.net\/induxe\/?page_id=103"},"modified":"2026-04-02T16:07:55","modified_gmt":"2026-04-02T16:07:55","slug":"services","status":"publish","type":"page","link":"https:\/\/myco-pack.com\/?page_id=103","title":{"rendered":"Servicios"},"content":{"rendered":"<div class=\"wpb-content-wrapper\"><p>[vc_row full_width=&#8221;stretch_row&#8221; css=&#8221;.vc_custom_1571234844422{background-color: #f7f9fb !important;}&#8221;][vc_column css=&#8221;.vc_custom_1571234849719{padding-top: 0px !important;}&#8221;][ct_space space_lg=&#8221;90&#8243; space_md=&#8221;90&#8243; space_sm=&#8221;60&#8243; space_xs=&#8221;50&#8243;][\/vc_column][\/vc_row][vc_row full_width=&#8221;stretch_row&#8221; css=&#8221;.vc_custom_1571234803752{background-color: #f7f9fb !important;}&#8221;][vc_column css=&#8221;.vc_custom_1573060313589{padding-top: 0px !important;}&#8221; offset=&#8221;vc_col-lg-8 vc_col-md-8&#8243;][ct_fancybox_grid content_list=&#8221;%5B%7B%22title%22%3A%22Asesoramiento%22%2C%22number_title%22%3A%2201%22%2C%22fcb_content%22%3A%22Conocer%20la%20realidad%20del%20cliente%2C%20su%20producto%2C%20el%20flujo%20del%20material%20y%20otros%20para%20poder%20hacer%20un%20buen%20asesoramiento%20es%20la%20clave%20del%20%C3%A9xito.%22%2C%22icon_flaticon%22%3A%22flaticon-download-arrow%22%2C%22item_link%22%3A%22url%3A%2523%7C%7C%7C%22%7D%2C%7B%22title%22%3A%22Venta%22%2C%22number_title%22%3A%2202%22%2C%22fcb_content%22%3A%22Escoger%20y%20dimensionar%20la%20maquinaria%20adecuada%2C%20estudiar%20su%20eficiencia%20y%20costes%20operativos%20definen%20la%20obtenci%C3%B3n%20de%20un%20buen%20ROI%20futuro.%22%2C%22icon_flaticon%22%3A%22flaticon-facebook-logo%22%2C%22item_link%22%3A%22url%3A%2523%7C%7C%7C%22%7D%2C%7B%22title%22%3A%22Gesti%C3%B3n%20de%20proyectos%22%2C%22number_title%22%3A%2203%22%2C%22fcb_content%22%3A%22Es%20fundamental%20para%20no%20perder%20tiempo%20y%20recursos%2C%20usando%20instrumentos%20de%20planificaci%C3%B3n%2C%20as%C3%AD%20se%20logra%20optimizar%20la%20entrega.%22%2C%22icon_flaticon%22%3A%22flaticon-right-arrow-1%22%2C%22item_link%22%3A%22url%3A%2523%7C%7C%7C%22%7D%2C%7B%22title%22%3A%22Servicio%20T%C3%A9cnico%20Local%22%2C%22number_title%22%3A%2204%22%2C%22fcb_content%22%3A%22Organizado%2C%20r%C3%A1pido%20y%20eficaz.%20Mediante%20un%20atento%20follow%20up%20se%20logra%20resolver%20en%20poco%20tiempo%20instalaciones%2C%20paradas%20de%20m%C3%A1quina%2C%20etc.%22%2C%22icon_flaticon%22%3A%22flaticon-right-arrow%22%2C%22item_link%22%3A%22url%3A%2523%7C%7C%7C%22%7D%5D&#8221; icon_color=&#8221;#ffffff&#8221; col_xs=&#8221;1&#8243; col_sm=&#8221;2&#8243; col_md=&#8221;2&#8243; col_lg=&#8221;2&#8243; col_xl=&#8221;2&#8243;][ct_space space_lg=&#8221;75&#8243; space_md=&#8221;75&#8243; space_sm=&#8221;30&#8243; space_xs=&#8221;30&#8243;][\/vc_column][vc_column css=&#8221;.vc_custom_1573060331239{padding-top: 0px !important;}&#8221; offset=&#8221;vc_col-lg-4 vc_col-md-4&#8243;][ct_contact_form cms_template=&#8221;ct_contact_form&#8211;layout2.php&#8221; title_color=&#8221;#232323&#8243; font_size=&#8221;28&#8243; id=&#8221;1148&#8243; el_title=&#8221;Solicite una consultor\u00eda gratuita&#8221; title_line_height=&#8221;35&#8243; el_sub_title=&#8221;Elimine cuellos de botella y acelere sus procesos. Dise\u00f1amos, desarrollamos, validamos y ponemos en marcha maquinaria a medida respetando sus l\u00edmites de coste y plazo. Con metodolog\u00edas \u00e1giles minimizamos riesgos, reducimos tiempos de lanzamiento y entregamos soluciones operativas de clase mundial que impulsan productividad y crecimiento. Solicite una consultor\u00eda gratuita y obtenga una propuesta pr\u00e1ctica para su proyecto.&#8221;][\/vc_column][\/vc_row][vc_row full_width=&#8221;stretch_row&#8221; css=&#8221;.vc_custom_1571068744635{padding-top: 23px !important;padding-bottom: 10px !important;background-color: #ff5e14 !important;}&#8221;][vc_column css=&#8221;.vc_custom_1572977077420{padding-top: 0px !important;}&#8221;][ct_space space_lg=&#8221;35&#8243; space_md=&#8221;35&#8243; space_sm=&#8221;35&#8243; space_xs=&#8221;35&#8243;][vc_row_inner][vc_column_inner width=&#8221;1\/2&#8243; offset=&#8221;vc_col-lg-3 vc_col-md-6&#8243;][ct_contact_info cms_template=&#8221;ct_contact_info&#8211;layout2.php&#8221; ctf_items=&#8221;%5B%7B%22ctf_content%22%3A%22Prol.%20P.%C2%BA%20de%20la%20Reforma%201015-Piso%201%2C%20Santa%20Fe%2C%20Contadero%2C%20Cuajimalpa%20de%20Morelos%5Cn01376%20Ciudad%20de%20M%C3%A9xico%2C%20CDMX%2C%20M%C3%A9xico%22%2C%22ctf_type%22%3A%22text%22%7D%5D&#8221; icon_list=&#8221;fontawesome5&#8243; icon_fontawesome5=&#8221;fac fac-map-marker-alt&#8221; color=&#8221;#ffffff&#8221; ctf_items2=&#8221;%5B%7B%22ctf_content2%22%3A%22Demo%20address%20%238901%20Marmora%20Road%20Chi%20Minh%20City%2C%20Vietnam%22%2C%22ctf_type2%22%3A%22text%22%7D%5D&#8221; title=&#8221;Direcci\u00f3n&#8221;][\/vc_column_inner][vc_column_inner width=&#8221;1\/2&#8243; offset=&#8221;vc_col-lg-3 vc_col-md-6&#8243;][ct_contact_info cms_template=&#8221;ct_contact_info&#8211;layout2.php&#8221; ctf_items=&#8221;%5B%7B%22ctf_content%22%3A%22info%40myco-pack.com%22%2C%22ctf_type%22%3A%22text%22%7D%5D&#8221; icon_list=&#8221;fontawesome5&#8243; icon_fontawesome5=&#8221;fac fac-mail-bulk&#8221; color=&#8221;#ffffff&#8221; ctf_items2=&#8221;%5B%7B%22ctf_content2%22%3A%22Demo%20address%20%238901%20Marmora%20Road%20Chi%20Minh%20City%2C%20Vietnam%22%2C%22ctf_type2%22%3A%22text%22%7D%5D&#8221; title=&#8221;Correo Electr\u00f3nico&#8221;][\/vc_column_inner][vc_column_inner width=&#8221;1\/2&#8243; offset=&#8221;vc_col-lg-3 vc_col-md-6&#8243;][ct_contact_info cms_template=&#8221;ct_contact_info&#8211;layout2.php&#8221; ctf_items=&#8221;%5B%7B%22ctf_content%22%3A%22%2B525543442789%22%2C%22ctf_type%22%3A%22text%22%7D%5D&#8221; icon_list=&#8221;fontawesome5&#8243; icon_fontawesome5=&#8221;fac fac-phone&#8221; color=&#8221;#ffffff&#8221; ctf_items2=&#8221;%5B%7B%22ctf_content2%22%3A%22Demo%20address%20%238901%20Marmora%20Road%20Chi%20Minh%20City%2C%20Vietnam%22%2C%22ctf_type2%22%3A%22text%22%7D%5D&#8221; title=&#8221;Tel\u00e9fono&#8221;][\/vc_column_inner][vc_column_inner width=&#8221;1\/2&#8243; offset=&#8221;vc_col-lg-3 vc_col-md-6&#8243;][ct_contact_info cms_template=&#8221;ct_contact_info&#8211;layout2.php&#8221; ctf_items=&#8221;%5B%7B%22ctf_content%22%3A%2224%20horas%22%2C%22ctf_type%22%3A%22text%22%7D%5D&#8221; icon_list=&#8221;fontawesome5&#8243; icon_fontawesome5=&#8221;fac fac-alarm-clock&#8221; color=&#8221;#ffffff&#8221; ctf_items2=&#8221;%5B%7B%22ctf_content2%22%3A%22Demo%20address%20%238901%20Marmora%20Road%20Chi%20Minh%20City%2C%20Vietnam%22%2C%22ctf_type2%22%3A%22text%22%7D%5D&#8221; title=&#8221;Horario&#8221;][\/vc_column_inner][\/vc_row_inner][ct_space space_lg=&#8221;30&#8243; space_md=&#8221;30&#8243; space_sm=&#8221;30&#8243; space_xs=&#8221;35&#8243;][\/vc_column][\/vc_row]<\/p>\n<\/div>","protected":false},"excerpt":{"rendered":"<p>[vc_row full_width=&#8221;stretch_row&#8221; css=&#8221;.vc_custom_1571234844422{background-color: #f7f9fb !important;}&#8221;][vc_column css=&#8221;.vc_custom_1571234849719{padding-top: 0px !important;}&#8221;][ct_space space_lg=&#8221;90&#8243; space_md=&#8221;90&#8243; space_sm=&#8221;60&#8243; space_xs=&#8221;50&#8243;][\/vc_column][\/vc_row][vc_row full_width=&#8221;stretch_row&#8221; css=&#8221;.vc_custom_1571234803752{background-color: #f7f9fb !important;}&#8221;][vc_column css=&#8221;.vc_custom_1573060313589{padding-top: 0px !important;}&#8221; offset=&#8221;vc_col-lg-8 vc_col-md-8&#8243;][ct_fancybox_grid content_list=&#8221;%5B%7B%22title%22%3A%22Asesoramiento%22%2C%22number_title%22%3A%2201%22%2C%22fcb_content%22%3A%22Conocer%20la%20realidad%20del%20cliente%2C%20su%20producto%2C%20el%20flujo%20del%20material%20y%20otros%20para%20poder%20hacer%20un%20buen%20asesoramiento%20es%20la%20clave%20del%20%C3%A9xito.%22%2C%22icon_flaticon%22%3A%22flaticon-download-arrow%22%2C%22item_link%22%3A%22url%3A%2523%7C%7C%7C%22%7D%2C%7B%22title%22%3A%22Venta%22%2C%22number_title%22%3A%2202%22%2C%22fcb_content%22%3A%22Escoger%20y%20dimensionar%20la%20maquinaria%20adecuada%2C%20estudiar%20su%20eficiencia%20y%20costes%20operativos%20definen%20la%20obtenci%C3%B3n%20de%20un%20buen%20ROI%20futuro.%22%2C%22icon_flaticon%22%3A%22flaticon-facebook-logo%22%2C%22item_link%22%3A%22url%3A%2523%7C%7C%7C%22%7D%2C%7B%22title%22%3A%22Gesti%C3%B3n%20de%20proyectos%22%2C%22number_title%22%3A%2203%22%2C%22fcb_content%22%3A%22Es%20fundamental%20para%20no%20perder%20tiempo%20y%20recursos%2C%20usando%20instrumentos%20de%20planificaci%C3%B3n%2C%20as%C3%AD%20se%20logra%20optimizar%20la%20entrega.%22%2C%22icon_flaticon%22%3A%22flaticon-right-arrow-1%22%2C%22item_link%22%3A%22url%3A%2523%7C%7C%7C%22%7D%2C%7B%22title%22%3A%22Servicio%20T%C3%A9cnico%20Local%22%2C%22number_title%22%3A%2204%22%2C%22fcb_content%22%3A%22Organizado%2C%20r%C3%A1pido%20y%20eficaz.%20Mediante%20un%20atento%20follow%20up%20se%20logra%20resolver%20en%20poco%20tiempo%20instalaciones%2C%20paradas%20de%20m%C3%A1quina%2C%20etc.%22%2C%22icon_flaticon%22%3A%22flaticon-right-arrow%22%2C%22item_link%22%3A%22url%3A%2523%7C%7C%7C%22%7D%5D&#8221; icon_color=&#8221;#ffffff&#8221; col_xs=&#8221;1&#8243; col_sm=&#8221;2&#8243; col_md=&#8221;2&#8243; col_lg=&#8221;2&#8243; col_xl=&#8221;2&#8243;][ct_space space_lg=&#8221;75&#8243; space_md=&#8221;75&#8243; space_sm=&#8221;30&#8243; space_xs=&#8221;30&#8243;][\/vc_column][vc_column css=&#8221;.vc_custom_1573060331239{padding-top: 0px !important;}&#8221; offset=&#8221;vc_col-lg-4 vc_col-md-4&#8243;][ct_contact_form cms_template=&#8221;ct_contact_form&#8211;layout2.php&#8221; title_color=&#8221;#232323&#8243; font_size=&#8221;28&#8243; id=&#8221;1148&#8243; el_title=&#8221;Solicite una consultor\u00eda gratuita&#8221; title_line_height=&#8221;35&#8243; el_sub_title=&#8221;Elimine cuellos de botella y acelere sus procesos. Dise\u00f1amos, [&hellip;]<\/p>\n","protected":false},"author":1,"featured_media":0,"parent":0,"menu_order":0,"comment_status":"closed","ping_status":"closed","template":"","meta":{"_joinchat":[],"footnotes":""},"class_list":["post-103","page","type-page","status-publish","hentry"],"_links":{"self":[{"href":"https:\/\/myco-pack.com\/index.php?rest_route=\/wp\/v2\/pages\/103","targetHints":{"allow":["GET"]}}],"collection":[{"href":"https:\/\/myco-pack.com\/index.php?rest_route=\/wp\/v2\/pages"}],"about":[{"href":"https:\/\/myco-pack.com\/index.php?rest_route=\/wp\/v2\/types\/page"}],"author":[{"embeddable":true,"href":"https:\/\/myco-pack.com\/index.php?rest_route=\/wp\/v2\/users\/1"}],"replies":[{"embeddable":true,"href":"https:\/\/myco-pack.com\/index.php?rest_route=%2Fwp%2Fv2%2Fcomments&post=103"}],"version-history":[{"count":27,"href":"https:\/\/myco-pack.com\/index.php?rest_route=\/wp\/v2\/pages\/103\/revisions"}],"predecessor-version":[{"id":3626,"href":"https:\/\/myco-pack.com\/index.php?rest_route=\/wp\/v2\/pages\/103\/revisions\/3626"}],"wp:attachment":[{"href":"https:\/\/myco-pack.com\/index.php?rest_route=%2Fwp%2Fv2%2Fmedia&parent=103"}],"curies":[{"name":"wp","href":"https:\/\/api.w.org\/{rel}","templated":true}]}}